{"id":10,"date":"2017-11-15T19:34:27","date_gmt":"2017-11-15T19:34:27","guid":{"rendered":"http:\/\/zurflottbekerschmiede.de\/?page_id=10"},"modified":"2025-12-06T10:49:08","modified_gmt":"2025-12-06T10:49:08","slug":"catering","status":"publish","type":"page","link":"http:\/\/zurflottbekerschmiede.de\/?page_id=10","title":{"rendered":"Bem- vindos!"},"content":{"rendered":"\n<p>Seit fast 16 Jahren m\u00f6chten wir Euch mediterrane, weltoffene Tapas n\u00e4herbringen und mit portugiesischen Spitzenweinen \u00fcberzeugen.                                 <\/p>\n\n\n\n<p>Modern interpretiert, frisch zubereitet und perfekt zum Teilen, in der Tischmitte serviert!<\/p>\n\n\n\n<p>Freu Dich auf saisonale Highlights, klare Aromen und eine Atmosph\u00e4re zum Verweilen.<\/p>\n\n\n\n<p>Wir w\u00fcnschen Euch bom Apetite!<\/p>\n\n\n\n<p>Euer Schmiede- Team, Helena &amp; Joao<\/p>\n","protected":false},"excerpt":{"rendered":"<p>Seit fast 16 Jahren m\u00f6chten wir Euch mediterrane, weltoffene Tapas n\u00e4herbringen und mit portugiesischen Spitzenweinen \u00fcberzeugen. Modern interpretiert, frisch zubereitet und perfekt zum Teilen, in der Tischmitte serviert! Freu Dich auf saisonale Highlights, klare Aromen und eine Atmosph\u00e4re zum Verweilen. Wir w\u00fcnschen Euch bom Apetite! Euer Schmiede- Team, Helena &amp; Joao<\/p>\n","protected":false},"author":1,"featured_media":0,"parent":0,"menu_order":0,"comment_status":"closed","ping_status":"closed","template":"","meta":[],"_links":{"self":[{"href":"http:\/\/zurflottbekerschmiede.de\/index.php?rest_route=\/wp\/v2\/pages\/10"}],"collection":[{"href":"http:\/\/zurflottbekerschmiede.de\/index.php?rest_route=\/wp\/v2\/pages"}],"about":[{"href":"http:\/\/zurflottbekerschmiede.de\/index.php?rest_route=\/wp\/v2\/types\/page"}],"author":[{"embeddable":true,"href":"http:\/\/zurflottbekerschmiede.de\/index.php?rest_route=\/wp\/v2\/users\/1"}],"replies":[{"embeddable":true,"href":"http:\/\/zurflottbekerschmiede.de\/index.php?rest_route=%2Fwp%2Fv2%2Fcomments&post=10"}],"version-history":[{"count":18,"href":"http:\/\/zurflottbekerschmiede.de\/index.php?rest_route=\/wp\/v2\/pages\/10\/revisions"}],"predecessor-version":[{"id":518,"href":"http:\/\/zurflottbekerschmiede.de\/index.php?rest_route=\/wp\/v2\/pages\/10\/revisions\/518"}],"wp:attachment":[{"href":"http:\/\/zurflottbekerschmiede.de\/index.php?rest_route=%2Fwp%2Fv2%2Fmedia&parent=10"}],"curies":[{"name":"wp","href":"https:\/\/api.w.org\/{rel}","templated":true}]}}