{"id":11,"date":"2017-11-15T19:34:27","date_gmt":"2017-11-15T19:34:27","guid":{"rendered":"http:\/\/zurflottbekerschmiede.de\/?page_id=11"},"modified":"2025-12-06T11:47:46","modified_gmt":"2025-12-06T11:47:46","slug":"reservieren","status":"publish","type":"page","link":"http:\/\/zurflottbekerschmiede.de\/?page_id=11","title":{"rendered":"Reservieren"},"content":{"rendered":"<p>Gerne nehmen wir pers\u00f6nliche Reservierungen entgegen unter&nbsp; <strong>040 20918236<\/strong> oder online \u00fcber den Link!<strong><br \/>\n<\/strong><\/p>\n<h1>Hier reservieren!&nbsp; &nbsp;<span style=\"font-size: 10px;\"><strong>&nbsp;<a href=\"https:\/\/widget.thefork.com\/ea586fed-7c0d-4fcd-b8e6-e4211cc368a1\">http:\/\/TheFork RESERVIERUNGS PORTATheFork RESERVIERUNGS PORTAL HIER KLICKEN&nbsp; &nbsp;L HIER KLICKEN<\/a><\/strong><\/span><\/h1>\n<p><strong>Impressum<\/strong>:<\/p>\n<p>Zur Flottbeker Schmiede<\/p>\n<p>Baron- Voght- Stra\u00dfe 79<\/p>\n<p>22609 Hamburg<\/p>\n<p>Telefon: 040-20918236<\/p>\n<p>Reservierungen per Email?<\/p>\n<p>Das klappt bei uns nicht- aber wir freuen uns \u00fcber Deinen Anruf!<\/p>\n<p>F\u00fcr alle anderen fragen, schreib uns gerne eine Nachricht!<\/p>\n<p>Email: flottbekerschmiede@yahoo.com<\/p>\n<blockquote class=\"wp-embedded-content\" data-secret=\"QtVJlqJ8N7\"><p><a href=\"http:\/\/zurflottbekerschmiede.de\/\">Das Restaurant<\/a><\/p><\/blockquote>\n<p><iframe class=\"wp-embedded-content\" sandbox=\"allow-scripts\" security=\"restricted\" style=\"position: absolute; clip: rect(1px, 1px, 1px, 1px);\" title=\"&#8222;Das Restaurant&#8220; &#8211; Zur Flottbeker Schmiede\" src=\"http:\/\/zurflottbekerschmiede.de\/?embed=true#?secret=qf9sp6gmKB#?secret=QtVJlqJ8N7\" data-secret=\"QtVJlqJ8N7\" width=\"525\" height=\"296\" frameborder=\"0\" marginwidth=\"0\" marginheight=\"0\" scrolling=\"no\"><\/iframe><\/p>\n<p>Einzelunternehmen:<\/p>\n<p style=\"text-align: left;\">Zur Flottbeker Schmiede Bistro<\/p>\n<p style=\"text-align: left;\">Joao Gouveia<\/p>\n<p style=\"text-align: left;\">Baron- Voght- Stra\u00dfe 79<\/p>\n<p style=\"text-align: left;\">22609 Hamburg<\/p>\n<p style=\"text-align: left;\">Telefon: 040-20918236<\/p>\n<p style=\"text-align: left;\">Email: flottbekerschmiede@yahoo.com<\/p>\n<p style=\"text-align: left;\">Internet: http:\/\/zurflottbekerschmiede.de\/<\/p>\n<p style=\"text-align: left;\">Amtsgericht Hamburg Altona<\/p>\n<p style=\"text-align: left;\">Steuernummer: 42\/074\/01469<\/p>\n<p style=\"text-align: left;\">USt-IdNr.: DE268884806<\/p>\n<p>Haftungshinweis:<br data-rich-text-line-break=\"true\">Wir erkl\u00e4ren hiermit ausdr\u00fccklich, dass zum Zeitpunkt der Linksetzung keine illegalen Inhalte auf den von uns verlinkten externen Seiten erkennbar waren. Auf die aktuelle und zuk\u00fcnftige Gestaltung, die Inhalte oder die Urheberschaft der gelinkten\/verkn\u00fcpften Seiten haben wir keinerlei Einfluss. Deshalb distanzieren wir uns ausdr\u00fccklich von allen Inhalten aller gelinkten\/verkn\u00fcpften Seiten, die nach der Linksetzung ver\u00e4ndert wurden. Diese Feststellung gilt f\u00fcr alle innerhalb des eigenen Internetangebotes gesetzten Links und Verweise. F\u00fcr illegale, fehlerhafte oder unvollst\u00e4ndige Inhalte und insbesondere f\u00fcr Sch\u00e4den, die aus der Nutzung oder Nichtnutzung solcherart dargebotener Informationen entstehen, haftet allein der Anbieter der Seite, auf welche verwiesen wurde.<br data-rich-text-line-break=\"true\">Urheber- und Kennzeichenrecht:<br data-rich-text-line-break=\"true\">Der Autor ist bestrebt, in allen Publikationen die Urheberrechte der verwendeten Bilder, Grafiken, Tondokumente, Videosequenzen und Texte zu beachten, von ihm selbst erstellte Bilder, Grafiken, Tondokumente, Videosequenzen und Texte zu nutzen oder auf lizenzfreie Grafiken, Tondokumente, Videosequenzen und Texte zur\u00fcckzugreifen.<br data-rich-text-line-break=\"true\">Alle innerhalb des Internetangebotes genannten und ggf. durch Dritte gesch\u00fctzten Marken- und Warenzeichen unterliegen uneingeschr\u00e4nkt den Bestimmungen des jeweils g\u00fcltigen Kennzeichenrechts und den Besitzrechten der jeweiligen eingetragenen Eigent\u00fcmer. Allein aufgrund der blo\u00dfen Nennung ist nicht der Schluss zu ziehen, dass Markenzeichen nicht durch Rechte Dritter gesch\u00fctzt sind!<br data-rich-text-line-break=\"true\">Das Copyright f\u00fcr ver\u00f6ffentlichte, vom Autor selbst erstellte Objekte bleibt allein beim Autor der Seiten. Eine Vervielf\u00e4ltigung oder Verwendung solcher Grafiken, Tondokumente, Videosequenzen und Texte in anderen elektronischen oder gedruckten Publikationen ist ohne ausdr\u00fcckliche Zustimmung des Autors nicht gestattet.<\/p>\n<p>Rechtswirksamkeit dieses Haftungsausschlusses:<br data-rich-text-line-break=\"true\">Dieser Haftungsausschluss ist als Teil des Internetangebotes zu betrachten, von dem aus auf diese Seite verwiesen wurde. Sofern Teile oder einzelne Formulierungen dieses Textes der geltenden Rechtslage nicht, nicht mehr oder nicht vollst\u00e4ndig entsprechen sollten, bleiben die \u00fcbrigen Teile des Dokumentes in ihrem Inhalt und ihrer G\u00fcltigkeit bestehen.<\/p>\n<h1><\/h1>\n<p><span style=\"font-size: 10px;\">&nbsp;<\/span><\/p>\n<div class=\"clearer\"><\/div>\n<p><!-- End content --><\/p>\n<p><!-- End main content wrapper --><\/p>\n<p><!-- End container --><\/p>\n<div id=\"footer\">\n<p><!-- Start Footer --><\/p>\n<div id=\"footer_swirl\"><\/div>\n<div id=\"breadcrumbcontainer\"><!-- Start the breadcrumb wrapper --><\/div>\n<p><!-- End breadcrumb --><\/p>\n<\/div>\n<p><!-- End Footer --><\/p>\n","protected":false},"excerpt":{"rendered":"<p>Gerne nehmen wir pers\u00f6nliche Reservierungen entgegen unter&nbsp; 040 20918236 oder online \u00fcber den Link! Hier reservieren!&nbsp; &nbsp;&nbsp;http:\/\/TheFork RESERVIERUNGS PORTATheFork RESERVIERUNGS PORTAL HIER KLICKEN&nbsp; &nbsp;L HIER KLICKEN Impressum: Zur Flottbeker Schmiede Baron- Voght- Stra\u00dfe 79 22609 Hamburg Telefon: 040-20918236 Reservierungen per Email? Das klappt bei uns nicht- aber wir freuen uns \u00fcber Deinen Anruf! F\u00fcr alle &hellip; <\/p>\n<p class=\"link-more\"><a href=\"http:\/\/zurflottbekerschmiede.de\/?page_id=11\" class=\"more-link\"><span class=\"screen-reader-text\">\u201eReservieren\u201c<\/span> weiterlesen<\/a><\/p>\n","protected":false},"author":1,"featured_media":0,"parent":0,"menu_order":0,"comment_status":"closed","ping_status":"closed","template":"","meta":[],"_links":{"self":[{"href":"http:\/\/zurflottbekerschmiede.de\/index.php?rest_route=\/wp\/v2\/pages\/11"}],"collection":[{"href":"http:\/\/zurflottbekerschmiede.de\/index.php?rest_route=\/wp\/v2\/pages"}],"about":[{"href":"http:\/\/zurflottbekerschmiede.de\/index.php?rest_route=\/wp\/v2\/types\/page"}],"author":[{"embeddable":true,"href":"http:\/\/zurflottbekerschmiede.de\/index.php?rest_route=\/wp\/v2\/users\/1"}],"replies":[{"embeddable":true,"href":"http:\/\/zurflottbekerschmiede.de\/index.php?rest_route=%2Fwp%2Fv2%2Fcomments&post=11"}],"version-history":[{"count":43,"href":"http:\/\/zurflottbekerschmiede.de\/index.php?rest_route=\/wp\/v2\/pages\/11\/revisions"}],"predecessor-version":[{"id":557,"href":"http:\/\/zurflottbekerschmiede.de\/index.php?rest_route=\/wp\/v2\/pages\/11\/revisions\/557"}],"wp:attachment":[{"href":"http:\/\/zurflottbekerschmiede.de\/index.php?rest_route=%2Fwp%2Fv2%2Fmedia&parent=11"}],"curies":[{"name":"wp","href":"https:\/\/api.w.org\/{rel}","templated":true}]}}