{"id":36,"date":"2017-11-15T19:45:58","date_gmt":"2017-11-15T19:45:58","guid":{"rendered":"http:\/\/zurflottbekerschmiede.de\/?page_id=36"},"modified":"2025-12-06T11:47:15","modified_gmt":"2025-12-06T11:47:15","slug":"bistro","status":"publish","type":"page","link":"http:\/\/zurflottbekerschmiede.de\/","title":{"rendered":"\u00d6ffnungzeiten\/ Infos"},"content":{"rendered":"<h5><\/h5>\n<h1>Liebe G\u00e4ste und Freunde,<\/h1>\n<p>unser Team g\u00f6nnt sich eine kleine Pause!<\/p>\n<p>Vom 23.12.2025 &#8211; 05.01.2025 bleibt unser Restaurant f\u00fcr Betriebsferien geschlossen.<\/p>\n<p>Am dem 06.01.2026 sind wir wieder mit voller Kraft f\u00fcr Sie da. Wir empfehlen Ihnen, n\u00f6tige Reservierungen rechtzeitig zu Planen.<\/p>\n<p>Das gesamte Team w\u00fcnscht Ihnen eine sch\u00f6ne Weihnachtszeit und einen guten Rutsch ins neue Jahr!<\/p>\n<h3><\/h3>\n<div>\n<h3 dir=\"ltr\"><em><strong>Montag: Ruhetag <\/strong><\/em><\/h3>\n<h3 dir=\"ltr\"><em><strong>Dienstag: 18 Uhr &#8211; 23 Uhr <\/strong><\/em><\/h3>\n<h3 dir=\"ltr\"><em><strong>Mittwoch: 18 Uhr &#8211; 23 Uhr <\/strong><\/em><\/h3>\n<h3 dir=\"ltr\"><em><strong>Donnerstag: 18 Uhr &#8211; 23 Uhr <\/strong><\/em><\/h3>\n<h3 dir=\"ltr\"><em><strong>Freitag: 17: 45 Uhr &#8211; 23 Uhr <\/strong><\/em><\/h3>\n<h3 dir=\"ltr\"><em><strong>Samstag: 17: 45 Uhr &#8211; 23 Uhr <\/strong><\/em><\/h3>\n<h3 dir=\"ltr\"><em><strong>K\u00fcche bis 21: 30 Uhr<\/strong><\/em><\/h3>\n<h3 dir=\"ltr\"><em><strong>Sonntag: 17: 30 Uhr &#8211; 22 Uhr<\/strong><\/em><\/h3>\n<h3 dir=\"ltr\"><em><strong>K\u00fcche bis 21 Uhr&nbsp;<\/strong><\/em><\/h3>\n<h1 dir=\"ltr\"><em><strong>Wir freuen uns auf euch !&nbsp;<\/strong><\/em><\/h1>\n<\/div>\n","protected":false},"excerpt":{"rendered":"<p>Liebe G\u00e4ste und Freunde, unser Team g\u00f6nnt sich eine kleine Pause! Vom 23.12.2025 &#8211; 05.01.2025 bleibt unser Restaurant f\u00fcr Betriebsferien geschlossen. Am dem 06.01.2026 sind wir wieder mit voller Kraft f\u00fcr Sie da. Wir empfehlen Ihnen, n\u00f6tige Reservierungen rechtzeitig zu Planen. Das gesamte Team w\u00fcnscht Ihnen eine sch\u00f6ne Weihnachtszeit und einen guten Rutsch ins neue &hellip; <\/p>\n<p class=\"link-more\"><a href=\"http:\/\/zurflottbekerschmiede.de\/\" class=\"more-link\"><span class=\"screen-reader-text\">\u201e\u00d6ffnungzeiten\/ Infos\u201c<\/span> weiterlesen<\/a><\/p>\n","protected":false},"author":1,"featured_media":47,"parent":0,"menu_order":0,"comment_status":"closed","ping_status":"closed","template":"","meta":[],"_links":{"self":[{"href":"http:\/\/zurflottbekerschmiede.de\/index.php?rest_route=\/wp\/v2\/pages\/36"}],"collection":[{"href":"http:\/\/zurflottbekerschmiede.de\/index.php?rest_route=\/wp\/v2\/pages"}],"about":[{"href":"http:\/\/zurflottbekerschmiede.de\/index.php?rest_route=\/wp\/v2\/types\/page"}],"author":[{"embeddable":true,"href":"http:\/\/zurflottbekerschmiede.de\/index.php?rest_route=\/wp\/v2\/users\/1"}],"replies":[{"embeddable":true,"href":"http:\/\/zurflottbekerschmiede.de\/index.php?rest_route=%2Fwp%2Fv2%2Fcomments&post=36"}],"version-history":[{"count":42,"href":"http:\/\/zurflottbekerschmiede.de\/index.php?rest_route=\/wp\/v2\/pages\/36\/revisions"}],"predecessor-version":[{"id":556,"href":"http:\/\/zurflottbekerschmiede.de\/index.php?rest_route=\/wp\/v2\/pages\/36\/revisions\/556"}],"wp:featuredmedia":[{"embeddable":true,"href":"http:\/\/zurflottbekerschmiede.de\/index.php?rest_route=\/wp\/v2\/media\/47"}],"wp:attachment":[{"href":"http:\/\/zurflottbekerschmiede.de\/index.php?rest_route=%2Fwp%2Fv2%2Fmedia&parent=36"}],"curies":[{"name":"wp","href":"https:\/\/api.w.org\/{rel}","templated":true}]}}